{"id":1680,"date":"2025-05-23T09:46:36","date_gmt":"2025-05-23T07:46:36","guid":{"rendered":"https:\/\/nataliaguillametgardens.com\/privacy-policy\/"},"modified":"2026-01-27T13:08:45","modified_gmt":"2026-01-27T12:08:45","slug":"privacidad","status":"publish","type":"page","link":"https:\/\/nataliaguillametgardens.com\/es\/privacidad\/","title":{"rendered":"Privacidad"},"content":{"rendered":"\t\t<div data-elementor-type=\"wp-page\" data-elementor-id=\"1680\" class=\"elementor elementor-1680 elementor-3\">\n\t\t\t\t<div class=\"elementor-element elementor-element-1bf598b1 thegem-e-con-layout-thegem e-flex e-con-boxed e-con e-parent\" data-id=\"1bf598b1\" data-element_type=\"container\" data-settings=\"{&quot;thegem_container_layout&quot;:&quot;thegem&quot;}\">\r\n\t\t\t\t\t<div class=\"e-con-inner\">\r\n\t\t\t\t<div class=\"elementor-element elementor-element-f3e61b4 flex-horizontal-align-default flex-horizontal-align-tablet-default flex-horizontal-align-mobile-default flex-vertical-align-default flex-vertical-align-tablet-default flex-vertical-align-mobile-default elementor-widget elementor-widget-text-editor\" data-id=\"f3e61b4\" data-element_type=\"widget\" data-widget_type=\"text-editor.default\">\n\t\t\t\t<div class=\"elementor-widget-container\">\n\t\t\t\t\t\t\t\t\t\t\t\t<div class=\"elementor-text-editor elementor-clearfix\">\r\n\t\t\t\t\t\t\n<p data-start=\"151\" data-end=\"191\"><strong>Informaci\u00f3n sobre Protecci\u00f3n de Datos<\/strong><\/p>\n<p data-start=\"193\" data-end=\"234\"><strong>Datos del responsable del tratamiento<\/strong><\/p>\n<p data-start=\"236\" data-end=\"267\"><strong data-start=\"236\" data-end=\"267\">Responsable del tratamiento<\/strong><\/p>\n<ul data-start=\"269\" data-end=\"453\">\n<li data-start=\"269\" data-end=\"321\">\n<p data-start=\"271\" data-end=\"321\"><strong data-start=\"271\" data-end=\"283\">Empresa:<\/strong> NATALIA GUILLAMET CASAS \u2013 43627505R<\/p>\n<\/li>\n<li data-start=\"322\" data-end=\"397\">\n<p data-start=\"324\" data-end=\"397\"><strong data-start=\"324\" data-end=\"338\">Direcci\u00f3n:<\/strong> C\/ Berenguer Mallol, 8-10, Esc. A 1\u00ba-1\u00aa \u2013 17130 L\u2019Escala<\/p>\n<\/li>\n<li data-start=\"398\" data-end=\"453\">\n<p data-start=\"400\" data-end=\"453\"><strong data-start=\"400\" data-end=\"413\">Contacto:<\/strong> <a class=\"decorated-link cursor-pointer\" rel=\"noopener\" data-start=\"414\" data-end=\"451\">projectes@nataliaguillametgardens.com<\/a><\/p>\n<\/li>\n<\/ul>\n<p data-start=\"455\" data-end=\"490\"><strong>Delegado de Protecci\u00f3n de Datos<\/strong><\/p>\n<ul data-start=\"492\" data-end=\"529\">\n<li data-start=\"492\" data-end=\"509\">\n<p data-start=\"494\" data-end=\"509\"><strong data-start=\"494\" data-end=\"505\">Nombre:<\/strong> \u2013<\/p>\n<\/li>\n<li data-start=\"510\" data-end=\"529\">\n<p data-start=\"512\" data-end=\"529\"><strong data-start=\"512\" data-end=\"525\">Contacto:<\/strong> \u2013<\/p>\n<\/li>\n<\/ul>\n<hr data-start=\"531\" data-end=\"534\" \/>\n<p data-start=\"536\" data-end=\"550\"><strong>Finalidades<\/strong><\/p>\n<p data-start=\"552\" data-end=\"845\">En cumplimiento de lo dispuesto en el Reglamento (UE) 2016\/679, General de Protecci\u00f3n de Datos (RGPD), le informamos de que, en funci\u00f3n de la relaci\u00f3n que mantenga con nosotros, en <strong data-start=\"733\" data-end=\"760\">NATALIA GUILLAMET CASAS<\/strong> tratamos los datos que nos facilita para una o varias de las siguientes finalidades:<\/p>\n<ul data-start=\"847\" data-end=\"2039\">\n<li data-start=\"847\" data-end=\"912\">\n<p data-start=\"849\" data-end=\"912\">Archivo e historial de empleados y ex-empleados de la empresa<\/p>\n<\/li>\n<li data-start=\"913\" data-end=\"953\">\n<p data-start=\"915\" data-end=\"953\">Compra y venta de bienes y servicios<\/p>\n<\/li>\n<li data-start=\"954\" data-end=\"1020\">\n<p data-start=\"956\" data-end=\"1020\">Control y supervisi\u00f3n de la eficiencia y calidad de la entidad<\/p>\n<\/li>\n<li data-start=\"1021\" data-end=\"1072\">\n<p data-start=\"1023\" data-end=\"1072\">Control y vigilancia de accesos a instalaciones<\/p>\n<\/li>\n<li data-start=\"1073\" data-end=\"1118\">\n<p data-start=\"1075\" data-end=\"1118\">Coordinaci\u00f3n de actividades empresariales<\/p>\n<\/li>\n<li data-start=\"1119\" data-end=\"1192\">\n<p data-start=\"1121\" data-end=\"1192\">Elaboraci\u00f3n de contratos, confecci\u00f3n de n\u00f3minas y tareas relacionadas<\/p>\n<\/li>\n<li data-start=\"1193\" data-end=\"1294\">\n<p data-start=\"1195\" data-end=\"1294\">Env\u00edo de informaci\u00f3n comercial de la entidad por correo postal, correo electr\u00f3nico u otros medios<\/p>\n<\/li>\n<li data-start=\"1295\" data-end=\"1308\">\n<p data-start=\"1297\" data-end=\"1308\">Formaci\u00f3n<\/p>\n<\/li>\n<li data-start=\"1309\" data-end=\"1377\">\n<p data-start=\"1311\" data-end=\"1377\">Gesti\u00f3n contable, administrativa, de facturaci\u00f3n, cobros y pagos<\/p>\n<\/li>\n<li data-start=\"1378\" data-end=\"1460\">\n<p data-start=\"1380\" data-end=\"1460\">Mantenimiento de la relaci\u00f3n laboral y retribuci\u00f3n por los trabajos realizados<\/p>\n<\/li>\n<li data-start=\"1461\" data-end=\"1488\">\n<p data-start=\"1463\" data-end=\"1488\">Prestaci\u00f3n de servicios<\/p>\n<\/li>\n<li data-start=\"1489\" data-end=\"1569\">\n<p data-start=\"1491\" data-end=\"1569\">Publicaci\u00f3n de datos personales en redes sociales u otros medios de difusi\u00f3n<\/p>\n<\/li>\n<li data-start=\"1570\" data-end=\"1601\">\n<p data-start=\"1572\" data-end=\"1601\">Cobro de pagos mediante TPV<\/p>\n<\/li>\n<li data-start=\"1602\" data-end=\"1682\">\n<p data-start=\"1604\" data-end=\"1682\">Realizaci\u00f3n de cursos o acciones formativas a trav\u00e9s de una web o plataforma<\/p>\n<\/li>\n<li data-start=\"1683\" data-end=\"1709\">\n<p data-start=\"1685\" data-end=\"1709\">Recepci\u00f3n de servicios<\/p>\n<\/li>\n<li data-start=\"1710\" data-end=\"1755\">\n<p data-start=\"1712\" data-end=\"1755\">Grabaci\u00f3n de cursos o acciones formativas<\/p>\n<\/li>\n<li data-start=\"1756\" data-end=\"1783\">\n<p data-start=\"1758\" data-end=\"1783\">Seguridad de la entidad<\/p>\n<\/li>\n<li data-start=\"1784\" data-end=\"1821\">\n<p data-start=\"1786\" data-end=\"1821\">Servicio postventa y fidelizaci\u00f3n<\/p>\n<\/li>\n<li data-start=\"1822\" data-end=\"1895\">\n<p data-start=\"1824\" data-end=\"1895\">Tramitaci\u00f3n de altas y bajas por enfermedad com\u00fan o accidente laboral<\/p>\n<\/li>\n<li data-start=\"1896\" data-end=\"1923\">\n<p data-start=\"1898\" data-end=\"1923\">Gesti\u00f3n de presupuestos<\/p>\n<\/li>\n<li data-start=\"1924\" data-end=\"1982\">\n<p data-start=\"1926\" data-end=\"1982\">Tratamiento de datos para cursos y acciones formativas<\/p>\n<\/li>\n<li data-start=\"1983\" data-end=\"2039\">\n<p data-start=\"1985\" data-end=\"2039\">Uso de datos derivados de la actividad de la empresa<\/p>\n<\/li>\n<\/ul>\n<hr data-start=\"2041\" data-end=\"2044\" \/>\n<p data-start=\"2046\" data-end=\"2083\"><strong>Plazo de conservaci\u00f3n de los datos<\/strong><\/p>\n<p data-start=\"2085\" data-end=\"2350\">Sus datos se conservar\u00e1n durante el tiempo que dure la relaci\u00f3n contractual, comercial o de cualquier otra \u00edndole con nuestra entidad, o hasta que solicite su supresi\u00f3n, as\u00ed como durante el plazo necesario para cumplir con las obligaciones legales correspondientes.<\/p>\n<hr data-start=\"2352\" data-end=\"2355\" \/>\n<p data-start=\"2357\" data-end=\"2372\"><strong>Legitimaci\u00f3n<\/strong><\/p>\n<p data-start=\"2374\" data-end=\"2424\">La base legal para el tratamiento de sus datos es:<\/p>\n<ul data-start=\"2426\" data-end=\"2615\">\n<li data-start=\"2426\" data-end=\"2473\">\n<p data-start=\"2428\" data-end=\"2473\">El consentimiento inequ\u00edvoco del interesado<\/p>\n<\/li>\n<li data-start=\"2474\" data-end=\"2505\">\n<p data-start=\"2476\" data-end=\"2505\">La ejecuci\u00f3n de un contrato<\/p>\n<\/li>\n<li data-start=\"2506\" data-end=\"2561\">\n<p data-start=\"2508\" data-end=\"2561\">El inter\u00e9s leg\u00edtimo del responsable del tratamiento<\/p>\n<\/li>\n<li data-start=\"2562\" data-end=\"2615\">\n<p data-start=\"2564\" data-end=\"2615\">La protecci\u00f3n de intereses vitales del interesado<\/p>\n<\/li>\n<\/ul>\n<hr data-start=\"2617\" data-end=\"2620\" \/>\n<p data-start=\"2622\" data-end=\"2638\"><strong>Destinatarios<\/strong><\/p>\n<p data-start=\"2640\" data-end=\"2719\">Sus datos personales podr\u00e1n ser comunicados a terceros en los siguientes casos:<\/p>\n<ul data-start=\"2721\" data-end=\"3187\">\n<li data-start=\"2721\" data-end=\"2759\">\n<p data-start=\"2723\" data-end=\"2759\">Otros responsables del tratamiento<\/p>\n<\/li>\n<li data-start=\"2760\" data-end=\"2792\">\n<p data-start=\"2762\" data-end=\"2792\">Administraciones tributarias<\/p>\n<\/li>\n<li data-start=\"2793\" data-end=\"2827\">\n<p data-start=\"2795\" data-end=\"2827\">Fuerzas y cuerpos de seguridad<\/p>\n<\/li>\n<li data-start=\"2828\" data-end=\"2862\">\n<p data-start=\"2830\" data-end=\"2862\">Bancos y entidades financieras<\/p>\n<\/li>\n<li data-start=\"2863\" data-end=\"2921\">\n<p data-start=\"2865\" data-end=\"2921\">Empresas encargadas de la destrucci\u00f3n de documentaci\u00f3n<\/p>\n<\/li>\n<li data-start=\"2922\" data-end=\"2962\">\n<p data-start=\"2924\" data-end=\"2962\">Entidades de consultor\u00eda y auditor\u00eda<\/p>\n<\/li>\n<li data-start=\"2963\" data-end=\"2987\">\n<p data-start=\"2965\" data-end=\"2987\">Entidades formativas<\/p>\n<\/li>\n<li data-start=\"2988\" data-end=\"3027\">\n<p data-start=\"2990\" data-end=\"3027\">Entidades de publicidad y marketing<\/p>\n<\/li>\n<li data-start=\"3028\" data-end=\"3092\">\n<p data-start=\"3030\" data-end=\"3092\">Empresas de mantenimiento de software y hardware inform\u00e1tico<\/p>\n<\/li>\n<li data-start=\"3093\" data-end=\"3118\">\n<p data-start=\"3095\" data-end=\"3118\">Gestor\u00edas y asesor\u00edas<\/p>\n<\/li>\n<li data-start=\"3119\" data-end=\"3139\">\n<p data-start=\"3121\" data-end=\"3139\">Seguridad Social<\/p>\n<\/li>\n<li data-start=\"3140\" data-end=\"3187\">\n<p data-start=\"3142\" data-end=\"3187\">Servicio de Prevenci\u00f3n de Riesgos Laborales<\/p>\n<\/li>\n<\/ul>\n<hr data-start=\"3189\" data-end=\"3192\" \/>\n<p data-start=\"3194\" data-end=\"3205\"><strong>Derechos<\/strong><\/p>\n<p data-start=\"3207\" data-end=\"3347\">Usted tiene derecho a obtener confirmaci\u00f3n sobre si en <strong data-start=\"3262\" data-end=\"3289\">NATALIA GUILLAMET CASAS<\/strong> estamos tratando datos personales que le conciernan o no.<\/p>\n<p data-start=\"3349\" data-end=\"3612\">Asimismo, tiene derecho a acceder a sus datos personales, as\u00ed como a solicitar la rectificaci\u00f3n de los datos inexactos o, en su caso, solicitar su supresi\u00f3n cuando, entre otros motivos, los datos ya no sean necesarios para los fines para los que fueron recogidos.<\/p>\n<p data-start=\"3614\" data-end=\"3796\">En determinadas circunstancias, podr\u00e1 solicitar la limitaci\u00f3n del tratamiento de sus datos, en cuyo caso \u00fanicamente los conservaremos para el ejercicio o la defensa de reclamaciones.<\/p>\n<p data-start=\"3798\" data-end=\"4095\">Igualmente, en determinadas circunstancias y por motivos relacionados con su situaci\u00f3n particular, podr\u00e1 oponerse al tratamiento de sus datos. <strong data-start=\"3941\" data-end=\"3968\">NATALIA GUILLAMET CASAS<\/strong> dejar\u00e1 de tratar los datos, salvo por motivos leg\u00edtimos imperiosos o para el ejercicio o la defensa de posibles reclamaciones.<\/p>\n<hr data-start=\"4097\" data-end=\"4100\" \/>\n<p data-start=\"4102\" data-end=\"4126\"><strong>Ejercicio de derechos<\/strong><\/p>\n<p data-start=\"4128\" data-end=\"4246\">Alternativamente, tambi\u00e9n puede dirigirse a nosotros por correo postal enviando su solicitud a la siguiente direcci\u00f3n:<\/p>\n<p data-start=\"4248\" data-end=\"4382\"><strong data-start=\"4248\" data-end=\"4291\">Pla\u00e7a Nova, 1 \u2013 08513 Prats de Llu\u00e7an\u00e8s<\/strong>,<br data-start=\"4292\" data-end=\"4295\" \/>adjuntando una fotocopia de su DNI u otro documento v\u00e1lido para verificar su identidad.<\/p>\n<p data-start=\"4384\" data-end=\"4555\">Le rogamos que indique la mayor cantidad de informaci\u00f3n posible sobre su solicitud, incluyendo nombre y apellidos completos y la direcci\u00f3n de correo electr\u00f3nico utilizada.<\/p>\n<hr data-start=\"4557\" data-end=\"4560\" \/>\n<p data-start=\"4562\" data-end=\"4578\"><strong>Reclamaciones<\/strong><\/p>\n<p data-start=\"4580\" data-end=\"4799\">Le informamos de que puede dirigirse a la <strong data-start=\"4622\" data-end=\"4672\">Agencia Espa\u00f1ola de Protecci\u00f3n de Datos (AEPD)<\/strong> u otros organismos p\u00fablicos competentes para presentar cualquier reclamaci\u00f3n derivada del tratamiento de sus datos personales.<\/p>\n<hr data-start=\"4801\" data-end=\"4804\" \/>\n<p data-start=\"4806\" data-end=\"4828\"><strong>Pol\u00edtica de Cookies<\/strong><\/p>\n<p data-start=\"4830\" data-end=\"4976\">Para conocer las cookies que utilizamos en nuestro sitio web, puede consultar nuestra <strong data-start=\"4916\" data-end=\"4939\">Pol\u00edtica de Cookies<\/strong> a trav\u00e9s del enlace correspondiente.<\/p>\n\t\t\t\t\t\t\t<\/div>\r\n\t\t\t\t\t\t\t\t\t\t<\/div>\n\t\t\t\t<\/div>\n\t\t\t\t\t<\/div>\n\t\t\t\t<\/div>\n\t\t\t\t<\/div>\n\t\t","protected":false},"excerpt":{"rendered":"<p>Informaci\u00f3n sobre Protecci\u00f3n de Datos Datos del responsable del tratamiento Responsable del tratamiento Empresa: NATALIA GUILLAMET CASAS \u2013 43627505R Direcci\u00f3n:&#8230;<\/p>\n","protected":false},"author":1,"featured_media":0,"parent":0,"menu_order":0,"comment_status":"closed","ping_status":"open","template":"","meta":{"_monsterinsights_skip_tracking":false,"_monsterinsights_sitenote_active":false,"_monsterinsights_sitenote_note":"","_monsterinsights_sitenote_category":0,"footnotes":""},"class_list":["post-1680","page","type-page","status-publish"],"aioseo_notices":[],"_links":{"self":[{"href":"https:\/\/nataliaguillametgardens.com\/es\/wp-json\/wp\/v2\/pages\/1680","targetHints":{"allow":["GET"]}}],"collection":[{"href":"https:\/\/nataliaguillametgardens.com\/es\/wp-json\/wp\/v2\/pages"}],"about":[{"href":"https:\/\/nataliaguillametgardens.com\/es\/wp-json\/wp\/v2\/types\/page"}],"author":[{"embeddable":true,"href":"https:\/\/nataliaguillametgardens.com\/es\/wp-json\/wp\/v2\/users\/1"}],"replies":[{"embeddable":true,"href":"https:\/\/nataliaguillametgardens.com\/es\/wp-json\/wp\/v2\/comments?post=1680"}],"version-history":[{"count":5,"href":"https:\/\/nataliaguillametgardens.com\/es\/wp-json\/wp\/v2\/pages\/1680\/revisions"}],"predecessor-version":[{"id":1733,"href":"https:\/\/nataliaguillametgardens.com\/es\/wp-json\/wp\/v2\/pages\/1680\/revisions\/1733"}],"wp:attachment":[{"href":"https:\/\/nataliaguillametgardens.com\/es\/wp-json\/wp\/v2\/media?parent=1680"}],"curies":[{"name":"wp","href":"https:\/\/api.w.org\/{rel}","templated":true}]}}