{"id":1677,"date":"2025-05-29T12:09:02","date_gmt":"2025-05-29T10:09:02","guid":{"rendered":"https:\/\/nataliaguillametgardens.com\/legal-notice\/"},"modified":"2026-01-27T13:02:53","modified_gmt":"2026-01-27T12:02:53","slug":"aviso-legal","status":"publish","type":"page","link":"https:\/\/nataliaguillametgardens.com\/es\/aviso-legal\/","title":{"rendered":"Aviso legal"},"content":{"rendered":"\t\t<div data-elementor-type=\"wp-page\" data-elementor-id=\"1677\" class=\"elementor elementor-1677 elementor-1400\">\n\t\t\t\t<div class=\"elementor-element elementor-element-1bf598b1 thegem-e-con-layout-thegem e-flex e-con-boxed e-con e-parent\" data-id=\"1bf598b1\" data-element_type=\"container\" data-settings=\"{&quot;thegem_container_layout&quot;:&quot;thegem&quot;}\">\r\n\t\t\t\t\t<div class=\"e-con-inner\">\r\n\t\t\t\t<div class=\"elementor-element elementor-element-f3e61b4 flex-horizontal-align-default flex-horizontal-align-tablet-default flex-horizontal-align-mobile-default flex-vertical-align-default flex-vertical-align-tablet-default flex-vertical-align-mobile-default elementor-widget elementor-widget-text-editor\" data-id=\"f3e61b4\" data-element_type=\"widget\" data-widget_type=\"text-editor.default\">\n\t\t\t\t<div class=\"elementor-widget-container\">\n\t\t\t\t\t\t\t\t\t\t\t\t<div class=\"elementor-text-editor elementor-clearfix\">\r\n\t\t\t\t\t\t\n<p data-start=\"134\" data-end=\"156\"><strong>Objeto y aceptaci\u00f3n<\/strong><\/p>\n<p data-start=\"158\" data-end=\"490\">El presente aviso legal regula el uso del sitio web propiedad de <strong data-start=\"223\" data-end=\"250\">NATALIA GUILLAMET CASAS<\/strong>. La navegaci\u00f3n por el sitio web de <strong data-start=\"286\" data-end=\"313\">NATALIA GUILLAMET CASAS<\/strong> atribuye la condici\u00f3n de usuario y supone la aceptaci\u00f3n plena y sin reservas de todas y cada una de las disposiciones incluidas en este Aviso Legal, que podr\u00e1n ser modificadas.<\/p>\n<p data-start=\"492\" data-end=\"854\">El usuario se compromete a hacer un uso adecuado del sitio web de conformidad con la ley, la buena fe, el orden p\u00fablico, los usos del tr\u00e1fico y el presente Aviso Legal. El usuario responder\u00e1 frente a <strong data-start=\"692\" data-end=\"719\">NATALIA GUILLAMET CASAS<\/strong> o frente a terceros de cualesquiera da\u00f1os y perjuicios que pudieran causarse como consecuencia del incumplimiento de dicha obligaci\u00f3n.<\/p>\n<hr data-start=\"856\" data-end=\"859\" \/>\n<p data-start=\"861\" data-end=\"895\"><strong>Identificaci\u00f3n y comunicaciones<\/strong><\/p>\n<p data-start=\"897\" data-end=\"1081\"><strong data-start=\"897\" data-end=\"924\">NATALIA GUILLAMET CASAS<\/strong>, en cumplimiento de lo dispuesto en la Ley 34\/2002, de 11 de julio, de servicios de la sociedad de la informaci\u00f3n y de comercio electr\u00f3nico, informa de que:<\/p>\n<ul data-start=\"1083\" data-end=\"1242\">\n<li data-start=\"1083\" data-end=\"1135\">\n<p data-start=\"1085\" data-end=\"1135\">Denominaci\u00f3n social: <strong data-start=\"1106\" data-end=\"1133\">NATALIA GUILLAMET CASAS<\/strong><\/p>\n<\/li>\n<li data-start=\"1136\" data-end=\"1162\">\n<p data-start=\"1138\" data-end=\"1162\">CIF\/NIF: <strong data-start=\"1147\" data-end=\"1160\">43627505R<\/strong><\/p>\n<\/li>\n<li data-start=\"1163\" data-end=\"1242\">\n<p data-start=\"1165\" data-end=\"1242\">Domicilio social: <strong data-start=\"1183\" data-end=\"1242\">C\/ Berenguer Mallol, 8-10, Esc. A 1\u00ba-1\u00aa, 17130 L\u2019Escala<\/strong><\/p>\n<\/li>\n<\/ul>\n<p data-start=\"1244\" data-end=\"1372\">Para comunicarse con nosotros, ponemos a su disposici\u00f3n los distintos medios de contacto indicados en la pol\u00edtica de privacidad.<\/p>\n<p data-start=\"1374\" data-end=\"1576\">Todas las notificaciones y comunicaciones entre el usuario y <strong data-start=\"1435\" data-end=\"1462\">NATALIA GUILLAMET CASAS<\/strong> se considerar\u00e1n eficaces, a todos los efectos, cuando se realicen a trav\u00e9s de los medios indicados anteriormente.<\/p>\n<hr data-start=\"1578\" data-end=\"1581\" \/>\n<p data-start=\"1583\" data-end=\"1613\"><strong>Condiciones de acceso y uso<\/strong><\/p>\n<p data-start=\"1615\" data-end=\"1850\">El sitio web y sus servicios son de acceso libre y gratuito; no obstante, <strong data-start=\"1689\" data-end=\"1716\">NATALIA GUILLAMET CASAS<\/strong> condiciona la utilizaci\u00f3n de algunos de los servicios ofrecidos en su web a la previa cumplimentaci\u00f3n del correspondiente formulario.<\/p>\n<p data-start=\"1852\" data-end=\"2047\">El usuario garantiza la autenticidad y actualidad de todos los datos que comunique a <strong data-start=\"1937\" data-end=\"1964\">NATALIA GUILLAMET CASAS<\/strong> y ser\u00e1 el \u00fanico responsable de las manifestaciones falsas o inexactas que realice.<\/p>\n<p data-start=\"2049\" data-end=\"2209\">El usuario se compromete expresamente a hacer un uso adecuado de los contenidos y servicios de <strong data-start=\"2144\" data-end=\"2171\">NATALIA GUILLAMET CASAS<\/strong> y a no emplearlos, entre otros, para:<\/p>\n<ul data-start=\"2211\" data-end=\"3218\">\n<li data-start=\"2211\" data-end=\"2393\">\n<p data-start=\"2213\" data-end=\"2393\">Difundir contenidos delictivos, violentos, pornogr\u00e1ficos, racistas, xen\u00f3fobos, ofensivos, que hagan apolog\u00eda del terrorismo o, en general, contrarios a la ley o al orden p\u00fablico.<\/p>\n<\/li>\n<li data-start=\"2394\" data-end=\"2781\">\n<p data-start=\"2396\" data-end=\"2781\">Introducir virus inform\u00e1ticos en la red o realizar actuaciones susceptibles de alterar, da\u00f1ar, interrumpir o generar errores o da\u00f1os en los documentos electr\u00f3nicos, datos o sistemas f\u00edsicos y l\u00f3gicos de <strong data-start=\"2599\" data-end=\"2626\">NATALIA GUILLAMET CASAS<\/strong> o de terceros, as\u00ed como obstaculizar el acceso de otros usuarios al sitio web y a sus servicios mediante el consumo masivo de los recursos inform\u00e1ticos.<\/p>\n<\/li>\n<li data-start=\"2782\" data-end=\"2961\">\n<p data-start=\"2784\" data-end=\"2961\">Intentar acceder a datos de otras personas o a \u00e1reas restringidas de los sistemas inform\u00e1ticos de <strong data-start=\"2882\" data-end=\"2909\">NATALIA GUILLAMET CASAS<\/strong> o de terceros y, en su caso, extraer informaci\u00f3n.<\/p>\n<\/li>\n<li data-start=\"2962\" data-end=\"3126\">\n<p data-start=\"2964\" data-end=\"3126\">Vulnerar los derechos de propiedad intelectual o industrial, as\u00ed como violar la confidencialidad de la informaci\u00f3n de <strong data-start=\"3082\" data-end=\"3109\">NATALIA GUILLAMET CASAS<\/strong> o de terceros.<\/p>\n<\/li>\n<li data-start=\"3127\" data-end=\"3218\">\n<p data-start=\"3129\" data-end=\"3218\">Suplantar la identidad de otro usuario, de las administraciones p\u00fablicas o de un tercero.<\/p>\n<\/li>\n<\/ul>\n<p data-start=\"3220\" data-end=\"3483\">Queda prohibida la reproducci\u00f3n, copia, distribuci\u00f3n, puesta a disposici\u00f3n, comunicaci\u00f3n p\u00fablica, transformaci\u00f3n o modificaci\u00f3n de los contenidos, salvo que se cuente con la autorizaci\u00f3n del titular de los correspondientes derechos o resulte legalmente permitido.<\/p>\n<p data-start=\"3485\" data-end=\"3713\">La recogida de datos con fines publicitarios y el env\u00edo de publicidad de cualquier clase y comunicaciones con fines de venta u otros fines comerciales sin solicitud o consentimiento previo tambi\u00e9n quedan expresamente prohibidos.<\/p>\n<hr data-start=\"3715\" data-end=\"3718\" \/>\n<p data-start=\"3720\" data-end=\"3757\"><strong>Propiedad intelectual e industrial<\/strong><\/p>\n<p data-start=\"3759\" data-end=\"4177\">Todos los contenidos del sitio web, tales como textos, fotograf\u00edas, gr\u00e1ficos, im\u00e1genes, iconos, tecnolog\u00eda, software, as\u00ed como su dise\u00f1o gr\u00e1fico y c\u00f3digos fuente, constituyen una obra cuya propiedad pertenece a <strong data-start=\"3970\" data-end=\"3997\">NATALIA GUILLAMET CASAS<\/strong>, sin que pueda entenderse que se cede al usuario ninguno de los derechos de explotaci\u00f3n sobre los mismos m\u00e1s all\u00e1 de lo estrictamente necesario para el correcto uso del sitio web.<\/p>\n<p data-start=\"4179\" data-end=\"4451\">El usuario podr\u00e1 visualizar los contenidos y, en su caso, realizar copias privadas autorizadas, siempre que los elementos reproducidos no sean posteriormente cedidos a terceros, ni se instalen en servidores conectados a redes, ni sean objeto de ning\u00fan tipo de explotaci\u00f3n.<\/p>\n<p data-start=\"4453\" data-end=\"4705\">Asimismo, todas las marcas, nombres comerciales o signos distintivos de cualquier clase que aparecen en el sitio web son propiedad de <strong data-start=\"4587\" data-end=\"4614\">NATALIA GUILLAMET CASAS<\/strong>, sin que el uso o acceso al sitio web atribuya al usuario derecho alguno sobre los mismos.<\/p>\n<p data-start=\"4707\" data-end=\"4919\">Queda prohibida la distribuci\u00f3n, modificaci\u00f3n, cesi\u00f3n o comunicaci\u00f3n p\u00fablica de los contenidos, as\u00ed como cualquier otro acto que no haya sido expresamente autorizado por el titular de los derechos de explotaci\u00f3n.<\/p>\n<p data-start=\"4921\" data-end=\"5408\">El establecimiento de un hiperv\u00ednculo no implica en ning\u00fan caso la existencia de relaciones entre <strong data-start=\"5019\" data-end=\"5046\">NATALIA GUILLAMET CASAS<\/strong> y el propietario del sitio web en el que se establezca, ni la aceptaci\u00f3n o aprobaci\u00f3n por parte de <strong data-start=\"5146\" data-end=\"5173\">NATALIA GUILLAMET CASAS<\/strong> de sus contenidos o servicios. Quienes se propongan establecer un hiperv\u00ednculo deber\u00e1n solicitar autorizaci\u00f3n previa y por escrito. En cualquier caso, el hiperv\u00ednculo \u00fanicamente permitir\u00e1 el acceso a la p\u00e1gina de inicio del sitio web.<\/p>\n<hr data-start=\"5410\" data-end=\"5413\" \/>\n<p data-start=\"5415\" data-end=\"5458\"><strong>Exclusi\u00f3n de garant\u00edas y responsabilidad<\/strong><\/p>\n<p data-start=\"5460\" data-end=\"5617\"><strong data-start=\"5460\" data-end=\"5487\">NATALIA GUILLAMET CASAS<\/strong> excluye, en la medida permitida por la ley, cualquier responsabilidad por los da\u00f1os y perjuicios de toda naturaleza derivados de:<\/p>\n<ul data-start=\"5619\" data-end=\"6277\">\n<li data-start=\"5619\" data-end=\"5942\">\n<p data-start=\"5621\" data-end=\"5942\">La imposibilidad de acceso al sitio web o la falta de veracidad, exactitud, exhaustividad y\/o actualidad de los contenidos, as\u00ed como la existencia de defectos en los contenidos transmitidos, difundidos, almacenados, puestos a disposici\u00f3n o a los que se haya accedido a trav\u00e9s del sitio web o de los servicios ofrecidos.<\/p>\n<\/li>\n<li data-start=\"5943\" data-end=\"6116\">\n<p data-start=\"5945\" data-end=\"6116\">La presencia de virus u otros elementos en los contenidos que puedan producir alteraciones en los sistemas inform\u00e1ticos, documentos electr\u00f3nicos o datos de los usuarios.<\/p>\n<\/li>\n<li data-start=\"6117\" data-end=\"6277\">\n<p data-start=\"6119\" data-end=\"6277\">El incumplimiento de la ley, la buena fe, el orden p\u00fablico, los usos del tr\u00e1fico y el presente Aviso Legal como consecuencia de un uso indebido del sitio web.<\/p>\n<\/li>\n<\/ul>\n<p data-start=\"6279\" data-end=\"6866\">Asimismo, <strong data-start=\"6289\" data-end=\"6316\">NATALIA GUILLAMET CASAS<\/strong> no se hace responsable de la informaci\u00f3n que se encuentre fuera de este sitio web y que no sea gestionada directamente por su webmaster. Los enlaces que aparecen en este sitio web tienen como \u00fanica finalidad informar al usuario sobre la existencia de otras fuentes de informaci\u00f3n que puedan ampliar los contenidos ofrecidos. <strong data-start=\"6642\" data-end=\"6669\">NATALIA GUILLAMET CASAS<\/strong> no garantiza ni se responsabiliza del funcionamiento o accesibilidad de los sitios enlazados, ni sugiere, invita o recomienda su visita, por lo que no ser\u00e1 responsable de los resultados obtenidos.<\/p>\n<hr data-start=\"6868\" data-end=\"6871\" \/>\n<p data-start=\"6873\" data-end=\"6921\"><strong>Procedimiento en caso de actividades il\u00edcitas<\/strong><\/p>\n<p data-start=\"6923\" data-end=\"7426\">En el caso de que el usuario o un tercero considere que existen hechos o circunstancias que revelen el car\u00e1cter il\u00edcito de la utilizaci\u00f3n de cualquier contenido y\/o de la realizaci\u00f3n de cualquier actividad en las p\u00e1ginas web incluidas o accesibles a trav\u00e9s del sitio web, deber\u00e1 ponerse en contacto con <strong data-start=\"7226\" data-end=\"7253\">NATALIA GUILLAMET CASAS<\/strong>, identific\u00e1ndose debidamente y especificando las supuestas infracciones, as\u00ed como declarando expresamente, bajo su responsabilidad, que la informaci\u00f3n facilitada es exacta.<\/p>\n<hr data-start=\"7428\" data-end=\"7431\" \/>\n<p data-start=\"7433\" data-end=\"7472\"><strong>Legislaci\u00f3n aplicable y jurisdicci\u00f3n<\/strong><\/p>\n<p data-start=\"7474\" data-end=\"7692\">Para toda cuesti\u00f3n litigiosa que incumba al sitio web de <strong data-start=\"7531\" data-end=\"7558\">NATALIA GUILLAMET CASAS<\/strong>, ser\u00e1 de aplicaci\u00f3n la legislaci\u00f3n espa\u00f1ola, siendo competentes los Juzgados y Tribunales m\u00e1s cercanos al domicilio social en Espa\u00f1a.<\/p>\n<hr data-start=\"7694\" data-end=\"7697\" \/>\n<p data-start=\"7699\" data-end=\"7715\"><strong>Publicaciones<\/strong><\/p>\n<p data-start=\"7717\" data-end=\"8147\">La informaci\u00f3n administrativa facilitada a trav\u00e9s del sitio web no sustituye a la publicaci\u00f3n legal de las leyes, reglamentos, planes, disposiciones generales y actos que deban publicarse formalmente en los diarios oficiales de las administraciones p\u00fablicas, que constituyen el \u00fanico instrumento que da fe de su autenticidad y contenido. La informaci\u00f3n disponible en este sitio web debe entenderse como una gu\u00eda sin validez legal.<\/p>\n\t\t\t\t\t\t\t<\/div>\r\n\t\t\t\t\t\t\t\t\t\t<\/div>\n\t\t\t\t<\/div>\n\t\t\t\t\t<\/div>\n\t\t\t\t<\/div>\n\t\t\t\t<\/div>\n\t\t","protected":false},"excerpt":{"rendered":"<p>Objeto y aceptaci\u00f3n El presente aviso legal regula el uso del sitio web propiedad de NATALIA GUILLAMET CASAS. La navegaci\u00f3n&#8230;<\/p>\n","protected":false},"author":1,"featured_media":0,"parent":0,"menu_order":0,"comment_status":"closed","ping_status":"open","template":"","meta":{"_monsterinsights_skip_tracking":false,"_monsterinsights_sitenote_active":false,"_monsterinsights_sitenote_note":"","_monsterinsights_sitenote_category":0,"footnotes":""},"class_list":["post-1677","page","type-page","status-publish"],"aioseo_notices":[],"_links":{"self":[{"href":"https:\/\/nataliaguillametgardens.com\/es\/wp-json\/wp\/v2\/pages\/1677","targetHints":{"allow":["GET"]}}],"collection":[{"href":"https:\/\/nataliaguillametgardens.com\/es\/wp-json\/wp\/v2\/pages"}],"about":[{"href":"https:\/\/nataliaguillametgardens.com\/es\/wp-json\/wp\/v2\/types\/page"}],"author":[{"embeddable":true,"href":"https:\/\/nataliaguillametgardens.com\/es\/wp-json\/wp\/v2\/users\/1"}],"replies":[{"embeddable":true,"href":"https:\/\/nataliaguillametgardens.com\/es\/wp-json\/wp\/v2\/comments?post=1677"}],"version-history":[{"count":4,"href":"https:\/\/nataliaguillametgardens.com\/es\/wp-json\/wp\/v2\/pages\/1677\/revisions"}],"predecessor-version":[{"id":1719,"href":"https:\/\/nataliaguillametgardens.com\/es\/wp-json\/wp\/v2\/pages\/1677\/revisions\/1719"}],"wp:attachment":[{"href":"https:\/\/nataliaguillametgardens.com\/es\/wp-json\/wp\/v2\/media?parent=1677"}],"curies":[{"name":"wp","href":"https:\/\/api.w.org\/{rel}","templated":true}]}}