{"id":1675,"date":"2025-06-18T15:55:30","date_gmt":"2025-06-18T13:55:30","guid":{"rendered":"https:\/\/nataliaguillametgardens.com\/accessibility-statement\/"},"modified":"2026-01-27T12:53:13","modified_gmt":"2026-01-27T11:53:13","slug":"declaracion-de-accesibilidad","status":"publish","type":"page","link":"https:\/\/nataliaguillametgardens.com\/es\/declaracion-de-accesibilidad\/","title":{"rendered":"Declaraci\u00f3n de accesibilidad"},"content":{"rendered":"\t\t<div data-elementor-type=\"wp-page\" data-elementor-id=\"1675\" class=\"elementor elementor-1675 elementor-1453\">\n\t\t\t\t<div class=\"elementor-element elementor-element-1bf598b1 thegem-e-con-layout-thegem e-flex e-con-boxed e-con e-parent\" data-id=\"1bf598b1\" data-element_type=\"container\" data-settings=\"{&quot;thegem_container_layout&quot;:&quot;thegem&quot;}\">\r\n\t\t\t\t\t<div class=\"e-con-inner\">\r\n\t\t\t\t<div class=\"elementor-element elementor-element-f3e61b4 flex-horizontal-align-default flex-horizontal-align-tablet-default flex-horizontal-align-mobile-default flex-vertical-align-default flex-vertical-align-tablet-default flex-vertical-align-mobile-default elementor-widget elementor-widget-text-editor\" data-id=\"f3e61b4\" data-element_type=\"widget\" data-widget_type=\"text-editor.default\">\n\t\t\t\t<div class=\"elementor-widget-container\">\n\t\t\t\t\t\t\t\t\t\t\t\t<div class=\"elementor-text-editor elementor-clearfix\">\r\n\t\t\t\t\t\t\n<p data-start=\"141\" data-end=\"411\"><strong data-start=\"141\" data-end=\"170\">NATALIA GUILLAMET GARDENS<\/strong> est\u00e1 comprometida con la creaci\u00f3n y publicaci\u00f3n de sitios web con dise\u00f1o universal y contenidos accesibles para el mayor n\u00famero posible de personas, acercando as\u00ed la comunicaci\u00f3n municipal y el uso de las nuevas tecnolog\u00edas a la ciudadan\u00eda.<\/p>\n<p data-start=\"413\" data-end=\"731\">Para lograr este objetivo, aplica la normativa est\u00e1ndar WAI (Iniciativa de Accesibilidad Web) adoptada por la Uni\u00f3n Europea. El prop\u00f3sito es que la mayor\u00eda de los sitios web bajo el dominio <a class=\"decorated-link\" href=\"http:\/\/www.nataliaguillametgardens.com\" target=\"_new\" rel=\"noopener\" data-start=\"603\" data-end=\"634\">www.nataliaguillametgardens.com<\/a> cumplan con las pautas de accesibilidad de nivel AA definidas por los est\u00e1ndares WAI (WCAG 2.1).<\/p>\n<p data-start=\"733\" data-end=\"951\">Esto significa que tanto las personas con alg\u00fan tipo de discapacidad como aquellas que se encuentren en situaciones que dificulten el acceso a la informaci\u00f3n del sitio web podr\u00e1n acceder correctamente a sus contenidos.<\/p>\n<p data-start=\"953\" data-end=\"1285\"><strong data-start=\"953\" data-end=\"982\">NATALIA GUILLAMET GARDENS<\/strong> se compromete a hacer accesibles sus sitios web de conformidad con lo establecido en el Real Decreto 1112\/2018, de 7 de septiembre. La mayor\u00eda de los sitios web de la entidad cumplen parcialmente con la legislaci\u00f3n vigente y se realizan esfuerzos diarios para alcanzar niveles \u00f3ptimos de accesibilidad.<\/p>\n<p data-start=\"1287\" data-end=\"1906\">La evoluci\u00f3n de las nuevas tecnolog\u00edas de la informaci\u00f3n, tanto en formato web como en m\u00faltiples dispositivos, permite que los contenidos ofrecidos a trav\u00e9s de Internet sean cada vez m\u00e1s accesibles. En l\u00ednea con su compromiso con la accesibilidad universal, <strong data-start=\"1545\" data-end=\"1574\">NATALIA GUILLAMET GARDENS<\/strong> considera que la difusi\u00f3n de informaci\u00f3n sobre accesibilidad web y multidispositivo es un servicio importante para los usuarios que necesitan orientaci\u00f3n para acceder a <a class=\"decorated-link\" href=\"http:\/\/www.nataliaguillametgardens.com\" target=\"_new\" rel=\"noopener\" data-start=\"1744\" data-end=\"1775\">www.nataliaguillametgardens.com<\/a> sin dificultades. Por este motivo, este sitio web pone a disposici\u00f3n recursos que facilitan la navegaci\u00f3n para todas las personas.<\/p>\n\t\t\t\t\t\t\t<\/div>\r\n\t\t\t\t\t\t\t\t\t\t<\/div>\n\t\t\t\t<\/div>\n\t\t\t\t\t<\/div>\n\t\t\t\t<\/div>\n\t\t\t\t<\/div>\n\t\t","protected":false},"excerpt":{"rendered":"<p>NATALIA GUILLAMET GARDENS est\u00e1 comprometida con la creaci\u00f3n y publicaci\u00f3n de sitios web con dise\u00f1o universal y contenidos accesibles para&#8230;<\/p>\n","protected":false},"author":1,"featured_media":0,"parent":0,"menu_order":0,"comment_status":"closed","ping_status":"open","template":"","meta":{"_monsterinsights_skip_tracking":false,"_monsterinsights_sitenote_active":false,"_monsterinsights_sitenote_note":"","_monsterinsights_sitenote_category":0,"footnotes":""},"class_list":["post-1675","page","type-page","status-publish"],"aioseo_notices":[],"_links":{"self":[{"href":"https:\/\/nataliaguillametgardens.com\/es\/wp-json\/wp\/v2\/pages\/1675","targetHints":{"allow":["GET"]}}],"collection":[{"href":"https:\/\/nataliaguillametgardens.com\/es\/wp-json\/wp\/v2\/pages"}],"about":[{"href":"https:\/\/nataliaguillametgardens.com\/es\/wp-json\/wp\/v2\/types\/page"}],"author":[{"embeddable":true,"href":"https:\/\/nataliaguillametgardens.com\/es\/wp-json\/wp\/v2\/users\/1"}],"replies":[{"embeddable":true,"href":"https:\/\/nataliaguillametgardens.com\/es\/wp-json\/wp\/v2\/comments?post=1675"}],"version-history":[{"count":4,"href":"https:\/\/nataliaguillametgardens.com\/es\/wp-json\/wp\/v2\/pages\/1675\/revisions"}],"predecessor-version":[{"id":1709,"href":"https:\/\/nataliaguillametgardens.com\/es\/wp-json\/wp\/v2\/pages\/1675\/revisions\/1709"}],"wp:attachment":[{"href":"https:\/\/nataliaguillametgardens.com\/es\/wp-json\/wp\/v2\/media?parent=1675"}],"curies":[{"name":"wp","href":"https:\/\/api.w.org\/{rel}","templated":true}]}}